{"id":18061,"date":"2019-12-23T08:22:17","date_gmt":"2019-12-23T08:22:17","guid":{"rendered":"https:\/\/www.worldoceannetwork.org\/locean-mondial\/notre-influence-sur-locean\/"},"modified":"2019-12-26T13:14:00","modified_gmt":"2019-12-26T13:14:00","slug":"what-is-our-impact-on-the-ocean","status":"publish","type":"page","link":"https:\/\/www.worldoceannetwork.org\/en\/what-is-our-impact-on-the-ocean\/","title":{"rendered":"What is our impact on the Ocean ?"},"content":{"rendered":"[mk_page_section full_width=&#8221;true&#8221; padding_top=&#8221;0&#8243; padding_bottom=&#8221;0&#8243; sidebar=&#8221;sidebar-1&#8243;][vc_column][mk_edge_slider first_el=&#8221;true&#8221; swiper_bg=&#8221;&#8221; parallax=&#8221;true&#8221; full_height=&#8221;false&#8221; height=&#8221;420&#8243; animation_speed=&#8221;0&#8243; slideshow_speed=&#8221;0&#8243; direction_nav=&#8221;none&#8221; pagination=&#8221;none&#8221; skip_arrow=&#8221;false&#8221; el_class=&#8221;`{`wpseo_breadcrumb`}`&#8221; slides=&#8221;18235&#8243;][\/vc_column][\/mk_page_section][vc_row][vc_column width=&#8221;1\/12&#8243;][\/vc_column][vc_column width=&#8221;1\/3&#8243;][vc_column_text disable_pattern=&#8221;&#8221; margin_bottom=&#8221;&#8221;]\n<p>&nbsp;<\/p>\n<span><span><a href=\"https:\/\/www.worldoceannetwork.org\/en\/\">Home<\/a><\/span><\/span>[\/vc_column_text][\/vc_column][\/vc_row][mk_page_section sidebar=&#8221;sidebar-1&#8243;][vc_column][mk_fancy_title color=&#8221;#1e73be&#8221; size=&#8221;24&#8243; margin_bottom=&#8221;10&#8243; font_family=&#8221;none&#8221;]\n<h2 style=\"text-align: center;\">What is our impact on the Ocean ?<\/h2>\n[\/mk_fancy_title][\/vc_column][\/mk_page_section][vc_row][vc_column width=&#8221;1\/12&#8243;][\/vc_column][vc_column width=&#8221;5\/12&#8243;][vc_column_text]\n<p style=\"text-align: left;\"><span style=\"color: #000000; font-size: 13pt; font-family: arial, helvetica, sans-serif;\">Reportages, films publicitaires, spots internet, films d\u2019entreprises, documentaires\u2026 Parce que chaque projet est sp\u00e9cifique, Productions analyse en amont les besoins et adapte son mod\u00e8le et son fonctionnement : c\u2019est le principe de la production vid\u00e9o, qui selon les cas va n\u00e9cessiter par exemple un r\u00e9alisateur, plusieurs cadreurs, un journaliste, un preneur de son, un infographiReportages, films publicitaires, spots internet, films d\u2019entreprises, documentaires\u2026\u00a0 infographiReportages, films publicitaires, spots internet, films d\u2019entreprises, documentaires\u2026\u00a0 infographiReportages, films publicitaires, spots internet, films d\u2019entreprises, documentaires\u2026\u00a0<\/span><\/p>\n[\/vc_column_text][\/vc_column][vc_column width=&#8221;5\/12&#8243;][vc_column_text align=&#8221;right&#8221;]<a href=\"https:\/\/www.worldoceannetwork.org\/wp-content\/uploads\/2019\/12\/pression-tourisme.jpg\"><img loading=\"lazy\" decoding=\"async\" class=\"size-full wp-image-17837 alignright\" src=\"https:\/\/www.worldoceannetwork.org\/wp-content\/uploads\/2019\/12\/pression-tourisme.jpg\" alt=\"\" width=\"300\" height=\"300\" srcset=\"https:\/\/www.worldoceannetwork.org\/wp-content\/uploads\/2019\/12\/pression-tourisme-150x150.jpg 150w, https:\/\/www.worldoceannetwork.org\/wp-content\/uploads\/2019\/12\/pression-tourisme-550x550.jpg 550w, https:\/\/www.worldoceannetwork.org\/wp-content\/uploads\/2019\/12\/pression-tourisme-1100x1100.jpg 1100w, https:\/\/www.worldoceannetwork.org\/wp-content\/uploads\/2019\/12\/pression-tourisme-500x500.jpg 500w, https:\/\/www.worldoceannetwork.org\/wp-content\/uploads\/2019\/12\/pression-tourisme-225x225.jpg 225w, https:\/\/www.worldoceannetwork.org\/wp-content\/uploads\/2019\/12\/pression-tourisme-200x200.jpg 200w, https:\/\/www.worldoceannetwork.org\/wp-content\/uploads\/2019\/12\/pression-tourisme-400x400.jpg 400w, https:\/\/www.worldoceannetwork.org\/wp-content\/uploads\/2019\/12\/pression-tourisme-300x300.jpg 300w, https:\/\/www.worldoceannetwork.org\/wp-content\/uploads\/2019\/12\/pression-tourisme-600x600.jpg 600w, https:\/\/www.worldoceannetwork.org\/wp-content\/uploads\/2019\/12\/pression-tourisme-1200x1200.jpg 1200w\" sizes=\"(max-width: 300px) 100vw, 300px\" \/><\/a>[\/vc_column_text][\/vc_column][vc_column width=&#8221;1\/12&#8243;][\/vc_column][\/vc_row][vc_row][vc_column][vc_row_inner][vc_column_inner][vc_empty_space height=&#8221;50px&#8221;][\/vc_column_inner][\/vc_row_inner][\/vc_column][\/vc_row][vc_row][vc_column width=&#8221;1\/12&#8243;][\/vc_column][vc_column width=&#8221;5\/12&#8243;][vc_column_text]<a href=\"https:\/\/www.worldoceannetwork.org\/wp-content\/uploads\/2019\/12\/Concours-photo-CEDEPESCA-4.jpg\"><img loading=\"lazy\" decoding=\"async\" class=\"size-full wp-image-17841 alignleft\" src=\"https:\/\/www.worldoceannetwork.org\/wp-content\/uploads\/2019\/12\/Concours-photo-CEDEPESCA-4.jpg\" alt=\"\" width=\"300\" height=\"300\" srcset=\"https:\/\/www.worldoceannetwork.org\/wp-content\/uploads\/2019\/12\/Concours-photo-CEDEPESCA-4-150x150.jpg 150w, https:\/\/www.worldoceannetwork.org\/wp-content\/uploads\/2019\/12\/Concours-photo-CEDEPESCA-4-550x550.jpg 550w, https:\/\/www.worldoceannetwork.org\/wp-content\/uploads\/2019\/12\/Concours-photo-CEDEPESCA-4-1100x1100.jpg 1100w, https:\/\/www.worldoceannetwork.org\/wp-content\/uploads\/2019\/12\/Concours-photo-CEDEPESCA-4-500x500.jpg 500w, https:\/\/www.worldoceannetwork.org\/wp-content\/uploads\/2019\/12\/Concours-photo-CEDEPESCA-4-225x225.jpg 225w, https:\/\/www.worldoceannetwork.org\/wp-content\/uploads\/2019\/12\/Concours-photo-CEDEPESCA-4-200x200.jpg 200w, https:\/\/www.worldoceannetwork.org\/wp-content\/uploads\/2019\/12\/Concours-photo-CEDEPESCA-4-400x400.jpg 400w, https:\/\/www.worldoceannetwork.org\/wp-content\/uploads\/2019\/12\/Concours-photo-CEDEPESCA-4-300x300.jpg 300w, https:\/\/www.worldoceannetwork.org\/wp-content\/uploads\/2019\/12\/Concours-photo-CEDEPESCA-4-600x600.jpg 600w, https:\/\/www.worldoceannetwork.org\/wp-content\/uploads\/2019\/12\/Concours-photo-CEDEPESCA-4-1200x1200.jpg 1200w, https:\/\/www.worldoceannetwork.org\/wp-content\/uploads\/2019\/12\/Concours-photo-CEDEPESCA-4-60x60.jpg 60w\" sizes=\"(max-width: 300px) 100vw, 300px\" \/><\/a>[\/vc_column_text][\/vc_column][vc_column width=&#8221;5\/12&#8243;][vc_column_text align=&#8221;right&#8221;]\n<p style=\"text-align: right;\"><span style=\"color: #000000; font-family: arial, helvetica, sans-serif; font-size: 13pt;\">Reportages, films publicitaires, spots internet, films d\u2019entreprises, documentaires\u2026 Parce que chaque projet est sp\u00e9cifique, Productions analyse en amont les besoins et adapte son mod\u00e8le et son fonctionnement : c\u2019est le principe de la production vid\u00e9o, qui selon les cas va n\u00e9cessiter par exemple un r\u00e9alisateur, plusieurs cadreurs, un journaliste, un preneur de son, un infographiste, un motion designer, des images a\u00e9riennes etc\u2026Reportages, films publicitaires, spots internet, films d\u2019entreprises, infographiReportages, films publicitaires, spots internet, films d\u2019entreprises, documentaires\u2026\u00a0 infographiReportages, films publicitaires, spots internet, films d\u2019entreprises, documentaires\u2026\u00a0documentaires\u2026\u00a0<\/span><\/p>\n[\/vc_column_text][\/vc_column][vc_column width=&#8221;1\/12&#8243;][\/vc_column][\/vc_row][vc_row][vc_column][vc_row_inner][vc_column_inner][vc_empty_space height=&#8221;50px&#8221;][\/vc_column_inner][\/vc_row_inner][\/vc_column][\/vc_row][vc_row][vc_column width=&#8221;1\/12&#8243;][\/vc_column][vc_column width=&#8221;5\/12&#8243;][vc_column_text]\n<p style=\"text-align: left;\"><span style=\"color: #000000; font-family: arial, helvetica, sans-serif; font-size: 13pt;\">Reportages, films publicitaires, spots internet, films d\u2019entreprises, documentaires\u2026 Parce que chaque projet est sp\u00e9cifique, Productions analyse en amont les besoins et adapte son mod\u00e8le et son fonctionnement : c\u2019est le principe de la production vid\u00e9o, qui selon les cas va n\u00e9cessiter par exemple un r\u00e9alisateur, plusieurs cadreurs, un journaliste, un preneur de son, un infographiReportages, films publicitaires, spots internet, films d\u2019entreprises, documentaires\u2026\u00a0 infographiReportages, films publicitaires, spots internet, films d\u2019entreprises, documentaires\u2026\u00a0 infographiReportages, films publicitaires, spots internet, films d\u2019entreprises, documentaires\u2026\u00a0<\/span><\/p>\n[\/vc_column_text][\/vc_column][vc_column width=&#8221;5\/12&#8243;][vc_column_text align=&#8221;right&#8221;]<a href=\"https:\/\/www.worldoceannetwork.org\/wp-content\/uploads\/2019\/12\/transport.jpg\"><img loading=\"lazy\" decoding=\"async\" class=\"alignnone size-full wp-image-17845\" src=\"https:\/\/www.worldoceannetwork.org\/wp-content\/uploads\/2019\/12\/transport.jpg\" alt=\"\" width=\"300\" height=\"300\" srcset=\"https:\/\/www.worldoceannetwork.org\/wp-content\/uploads\/2019\/12\/transport-150x150.jpg 150w, https:\/\/www.worldoceannetwork.org\/wp-content\/uploads\/2019\/12\/transport-550x550.jpg 550w, https:\/\/www.worldoceannetwork.org\/wp-content\/uploads\/2019\/12\/transport-1100x1100.jpg 1100w, https:\/\/www.worldoceannetwork.org\/wp-content\/uploads\/2019\/12\/transport-500x500.jpg 500w, https:\/\/www.worldoceannetwork.org\/wp-content\/uploads\/2019\/12\/transport-225x225.jpg 225w, https:\/\/www.worldoceannetwork.org\/wp-content\/uploads\/2019\/12\/transport-200x200.jpg 200w, https:\/\/www.worldoceannetwork.org\/wp-content\/uploads\/2019\/12\/transport-400x400.jpg 400w, https:\/\/www.worldoceannetwork.org\/wp-content\/uploads\/2019\/12\/transport-300x300.jpg 300w, https:\/\/www.worldoceannetwork.org\/wp-content\/uploads\/2019\/12\/transport-600x600.jpg 600w, https:\/\/www.worldoceannetwork.org\/wp-content\/uploads\/2019\/12\/transport-1200x1200.jpg 1200w, https:\/\/www.worldoceannetwork.org\/wp-content\/uploads\/2019\/12\/transport-60x60.jpg 60w\" sizes=\"(max-width: 300px) 100vw, 300px\" \/><\/a>[\/vc_column_text][\/vc_column][vc_column width=&#8221;1\/12&#8243;][\/vc_column][\/vc_row][vc_row][vc_column][vc_row_inner][vc_column_inner][vc_empty_space height=&#8221;50px&#8221;][\/vc_column_inner][\/vc_row_inner][\/vc_column][\/vc_row][vc_row][vc_column width=&#8221;1\/12&#8243;][\/vc_column][vc_column width=&#8221;5\/6&#8243;][vc_column_text align=&#8221;center&#8221;]<span style=\"color: #000000; font-size: 13pt; font-family: arial, helvetica, sans-serif;\">Le Lorem Ipsum est simplement du faux texte employ\u00e9 dans la composition et la mise en page avant impression. Le Lorem Ipsum est le faux texte standard de l&#8217;imprimerie depuis les ann\u00e9es 1500.Le Lorem Ipsum est simplement du faux texte employ\u00e9 dans la composition et la mise en page avant impression. Le Lorem Ipsum est le faux texte standard de l&#8217;imprimerie depuis les ann\u00e9es 1500.<\/span>[\/vc_column_text][\/vc_column][vc_column width=&#8221;1\/12&#8243;][\/vc_column][\/vc_row][vc_row][vc_column width=&#8221;1\/6&#8243;][\/vc_column][vc_column width=&#8221;2\/3&#8243;][vc_video link=&#8221;https:\/\/youtu.be\/eFklItKqdDg&#8221;][\/vc_column][vc_column width=&#8221;1\/6&#8243;][\/vc_column][\/vc_row]\n","protected":false},"excerpt":{"rendered":"<p>[mk_page_section full_width=&#8221;true&#8221; padding_top=&#8221;0&#8243; padding_bottom=&#8221;0&#8243; sidebar=&#8221;sidebar-1&#8243;][vc_column][mk_edge_slider first_el=&#8221;true&#8221; swiper_bg=&#8221;&#8221; parallax=&#8221;true&#8221; full_height=&#8221;false&#8221; height=&#8221;420&#8243; animation_speed=&#8221;0&#8243; slideshow_speed=&#8221;0&#8243; direction_nav=&#8221;none&#8221; pagination=&#8221;none&#8221; skip_arrow=&#8221;false&#8221; el_class=&#8221;`{`wpseo_breadcrumb`}`&#8221; slides=&#8221;18235&#8243;][\/vc_column][\/mk_page_section][vc_row][vc_column width=&#8221;1\/12&#8243;][\/vc_column][vc_column width=&#8221;1\/3&#8243;][vc_column_text disable_pattern=&#8221;&#8221; margin_bottom=&#8221;&#8221;] &nbsp; [\/vc_column_text][\/vc_column][\/vc_row][mk_page_section sidebar=&#8221;sidebar-1&#8243;][vc_column][mk_fancy_title color=&#8221;#1e73be&#8221; size=&#8221;24&#8243; margin_bottom=&#8221;10&#8243; font_family=&#8221;none&#8221;] What is our impact on the Ocean ? [\/mk_fancy_title][\/vc_column][\/mk_page_section][vc_row][vc_column width=&#8221;1\/12&#8243;][\/vc_column][vc_column width=&#8221;5\/12&#8243;][vc_column_text] Reportages, films publicitaires, spots internet, films d\u2019entreprises, documentaires\u2026 Parce que chaque projet est sp\u00e9cifique, Productions analyse [&hellip;]<\/p>\n","protected":false},"author":13,"featured_media":0,"parent":0,"menu_order":0,"comment_status":"closed","ping_status":"closed","template":"","meta":{"pgc_meta":"","footnotes":""},"pgc_meta":"","_links":{"self":[{"href":"https:\/\/www.worldoceannetwork.org\/en\/wp-json\/wp\/v2\/pages\/18061\/"}],"collection":[{"href":"https:\/\/www.worldoceannetwork.org\/en\/wp-json\/wp\/v2\/pages\/"}],"about":[{"href":"https:\/\/www.worldoceannetwork.org\/en\/wp-json\/wp\/v2\/types\/page\/"}],"author":[{"embeddable":true,"href":"https:\/\/www.worldoceannetwork.org\/en\/wp-json\/wp\/v2\/users\/13\/"}],"replies":[{"embeddable":true,"href":"https:\/\/www.worldoceannetwork.org\/en\/wp-json\/wp\/v2\/comments\/?post=18061"}],"version-history":[{"count":4,"href":"https:\/\/www.worldoceannetwork.org\/en\/wp-json\/wp\/v2\/pages\/18061\/revisions\/"}],"predecessor-version":[{"id":18263,"href":"https:\/\/www.worldoceannetwork.org\/en\/wp-json\/wp\/v2\/pages\/18061\/revisions\/18263\/"}],"wp:attachment":[{"href":"https:\/\/www.worldoceannetwork.org\/en\/wp-json\/wp\/v2\/media\/?parent=18061"}],"curies":[{"name":"wp","href":"https:\/\/api.w.org\/{rel}","templated":true}]}}