{"id":18054,"date":"2019-12-23T08:15:18","date_gmt":"2019-12-23T08:15:18","guid":{"rendered":"https:\/\/www.worldoceannetwork.org\/etre-citoyen-de-locean\/"},"modified":"2019-12-26T13:16:43","modified_gmt":"2019-12-26T13:16:43","slug":"be-a-citizen-of-the-ocean","status":"publish","type":"page","link":"https:\/\/www.worldoceannetwork.org\/en\/be-a-citizen-of-the-ocean\/","title":{"rendered":"Be a citizen of the Ocean"},"content":{"rendered":"[mk_page_section full_width=&#8221;true&#8221; padding_top=&#8221;0&#8243; padding_bottom=&#8221;0&#8243; sidebar=&#8221;sidebar-1&#8243;][vc_column][mk_edge_slider first_el=&#8221;true&#8221; swiper_bg=&#8221;&#8221; parallax=&#8221;true&#8221; full_height=&#8221;false&#8221; height=&#8221;420&#8243; animation_speed=&#8221;0&#8243; slideshow_speed=&#8221;0&#8243; direction_nav=&#8221;none&#8221; pagination=&#8221;none&#8221; skip_arrow=&#8221;false&#8221; el_class=&#8221;`{`wpseo_breadcrumb`}`&#8221; slides=&#8221;18237&#8243;][\/vc_column][\/mk_page_section][vc_row][vc_column width=&#8221;1\/12&#8243;][\/vc_column][vc_column width=&#8221;1\/3&#8243;][vc_column_text disable_pattern=&#8221;&#8221; margin_bottom=&#8221;&#8221;]\n<p>&nbsp;<\/p>\n<span><span><a href=\"https:\/\/www.worldoceannetwork.org\/en\/\">Home<\/a><\/span><\/span>[\/vc_column_text][\/vc_column][\/vc_row][mk_page_section sidebar=&#8221;sidebar-1&#8243;][vc_column][mk_fancy_title color=&#8221;#1e73be&#8221; size=&#8221;24&#8243; margin_bottom=&#8221;10&#8243; font_family=&#8221;none&#8221;]\n<h2 style=\"text-align: center;\">Be a citizen of the Ocean<\/h2>\n[\/mk_fancy_title][\/vc_column][\/mk_page_section][vc_row][vc_column width=&#8221;1\/12&#8243;][\/vc_column][vc_column width=&#8221;5\/12&#8243;][vc_column_text]\n<p style=\"text-align: left;\"><span style=\"font-family: arial, helvetica, sans-serif; font-size: 13pt;\">Reportages, films publicitaires, spots internet, films d\u2019entreprises, documentaires\u2026 Parce que chaque projet est sp\u00e9cifique, Productions analyse en amont les besoins et adapte son mod\u00e8le et son fonctionnement : c\u2019est le principe de la production vid\u00e9o, qui selon les cas va n\u00e9cessiter par exemple un r\u00e9alisateur, plusieurs cadreurs, un journaliste, un preneur de son, un infographiste, un motion designer, des images a\u00e9riennes etc\u2026<\/span><\/p>\n[\/vc_column_text][\/vc_column][vc_column width=&#8221;5\/12&#8243;][mk_image src=&#8221;https:\/\/www.worldoceannetwork.org\/wp-content\/uploads\/2019\/12\/\u00a9-Te-mana-o-te-moana-6.jpg&#8221; image_size=&#8221;medium&#8221; align=&#8221;right&#8221;][\/vc_column][vc_column width=&#8221;1\/12&#8243;][\/vc_column][\/vc_row][vc_row][vc_column][vc_row_inner][vc_column_inner][vc_empty_space height=&#8221;50px&#8221;][\/vc_column_inner][\/vc_row_inner][\/vc_column][\/vc_row][vc_row][vc_column width=&#8221;1\/12&#8243;][\/vc_column][vc_column width=&#8221;5\/12&#8243;][vc_column_text]\n<p style=\"text-align: left;\"><span style=\"font-family: arial, helvetica, sans-serif; font-size: 13pt;\">Reportages, films publicitaires, spots internet, films d\u2019entreprises, documentaires\u2026 Parce que chaque projet est sp\u00e9cifique, Productions analyse en amont les besoins et adapte son mod\u00e8le et son fonctionnement : c\u2019est le principe de la production vid\u00e9o, qui selon les cas va n\u00e9cessiter par exemple un r\u00e9alisateur, plusieurs cadreurs, un journaliste, un preneur de son, un infographiste, un motion designer, des images a\u00e9riennes etc\u2026<\/span><\/p>\n[\/vc_column_text][\/vc_column][vc_column width=&#8221;5\/12&#8243;][mk_image src=&#8221;https:\/\/www.worldoceannetwork.org\/wp-content\/uploads\/2019\/12\/\u00a9-Te-mana-o-te-moana-9.jpg&#8221; image_size=&#8221;medium&#8221; align=&#8221;right&#8221;][\/vc_column][vc_column width=&#8221;1\/12&#8243;][\/vc_column][\/vc_row][vc_row][vc_column][vc_row_inner][vc_column_inner][vc_empty_space height=&#8221;50px&#8221;][\/vc_column_inner][\/vc_row_inner][\/vc_column][\/vc_row][vc_row][vc_column width=&#8221;1\/12&#8243;][\/vc_column][vc_column width=&#8221;5\/6&#8243;][vc_column_text align=&#8221;center&#8221;]\n<p style=\"text-align: center;\"><span style=\"font-family: arial, helvetica, sans-serif; font-size: 13pt;\">Reportages, films publicitaires, spots internet, films d\u2019entreprises, documentaires\u2026 Parce que chaque projet est sp\u00e9cifique, Productions analyse en amont les besoins et adapte son mod\u00e8le et son fonctionnement : c\u2019est le principe de la production vid\u00e9o, qui selon les cas va n\u00e9cessiter par exemple un r\u00e9alisateur, plusieurs cadreurs, un journaliste, un preneur de son, un infographiste, un motion designer, des images a\u00e9riennes etc\u2026<\/span><\/p>\n[\/vc_column_text][\/vc_column][vc_column width=&#8221;1\/12&#8243;][\/vc_column][\/vc_row][vc_row][vc_column][vc_row_inner][vc_column_inner][vc_empty_space height=&#8221;50px&#8221;][\/vc_column_inner][\/vc_row_inner][\/vc_column][\/vc_row][vc_row][vc_column width=&#8221;1\/2&#8243;][mk_image src=&#8221;https:\/\/www.worldoceannetwork.org\/wp-content\/uploads\/2019\/12\/pass-adulte-FR-couv-207&#215;300.jpg&#8221; image_size=&#8221;medium&#8221; link=&#8221;https:\/\/www.worldoceannetwork.org\/wp-content\/uploads\/2019\/12\/Echantillon-Passeport-adulte-en-franc\u0327ais.pdf&#8221; align=&#8221;right&#8221;][\/vc_column][vc_column width=&#8221;1\/2&#8243;][mk_image src=&#8221;https:\/\/www.worldoceannetwork.org\/wp-content\/uploads\/2019\/12\/pass-enfant-FR-2-200&#215;300.jpg&#8221; image_size=&#8221;medium&#8221; link=&#8221;https:\/\/www.worldoceannetwork.org\/wp-content\/uploads\/2019\/12\/Echantillon-Passeport-adulte-en-franc\u0327ais.pdf&#8221;][\/vc_column][\/vc_row][vc_row][vc_column][vc_row_inner][vc_column_inner][vc_empty_space height=&#8221;50px&#8221;][\/vc_column_inner][\/vc_row_inner][\/vc_column][\/vc_row]\n","protected":false},"excerpt":{"rendered":"<p>[mk_page_section full_width=&#8221;true&#8221; padding_top=&#8221;0&#8243; padding_bottom=&#8221;0&#8243; sidebar=&#8221;sidebar-1&#8243;][vc_column][mk_edge_slider first_el=&#8221;true&#8221; swiper_bg=&#8221;&#8221; parallax=&#8221;true&#8221; full_height=&#8221;false&#8221; height=&#8221;420&#8243; animation_speed=&#8221;0&#8243; slideshow_speed=&#8221;0&#8243; direction_nav=&#8221;none&#8221; pagination=&#8221;none&#8221; skip_arrow=&#8221;false&#8221; el_class=&#8221;`{`wpseo_breadcrumb`}`&#8221; slides=&#8221;18237&#8243;][\/vc_column][\/mk_page_section][vc_row][vc_column width=&#8221;1\/12&#8243;][\/vc_column][vc_column width=&#8221;1\/3&#8243;][vc_column_text disable_pattern=&#8221;&#8221; margin_bottom=&#8221;&#8221;] &nbsp; [\/vc_column_text][\/vc_column][\/vc_row][mk_page_section sidebar=&#8221;sidebar-1&#8243;][vc_column][mk_fancy_title color=&#8221;#1e73be&#8221; size=&#8221;24&#8243; margin_bottom=&#8221;10&#8243; font_family=&#8221;none&#8221;] Be a citizen of the Ocean [\/mk_fancy_title][\/vc_column][\/mk_page_section][vc_row][vc_column width=&#8221;1\/12&#8243;][\/vc_column][vc_column width=&#8221;5\/12&#8243;][vc_column_text] Reportages, films publicitaires, spots internet, films d\u2019entreprises, documentaires\u2026 Parce que chaque projet est sp\u00e9cifique, Productions analyse en amont [&hellip;]<\/p>\n","protected":false},"author":13,"featured_media":0,"parent":0,"menu_order":0,"comment_status":"closed","ping_status":"closed","template":"","meta":{"pgc_meta":"","footnotes":""},"pgc_meta":"","_links":{"self":[{"href":"https:\/\/www.worldoceannetwork.org\/en\/wp-json\/wp\/v2\/pages\/18054\/"}],"collection":[{"href":"https:\/\/www.worldoceannetwork.org\/en\/wp-json\/wp\/v2\/pages\/"}],"about":[{"href":"https:\/\/www.worldoceannetwork.org\/en\/wp-json\/wp\/v2\/types\/page\/"}],"author":[{"embeddable":true,"href":"https:\/\/www.worldoceannetwork.org\/en\/wp-json\/wp\/v2\/users\/13\/"}],"replies":[{"embeddable":true,"href":"https:\/\/www.worldoceannetwork.org\/en\/wp-json\/wp\/v2\/comments\/?post=18054"}],"version-history":[{"count":3,"href":"https:\/\/www.worldoceannetwork.org\/en\/wp-json\/wp\/v2\/pages\/18054\/revisions\/"}],"predecessor-version":[{"id":18265,"href":"https:\/\/www.worldoceannetwork.org\/en\/wp-json\/wp\/v2\/pages\/18054\/revisions\/18265\/"}],"wp:attachment":[{"href":"https:\/\/www.worldoceannetwork.org\/en\/wp-json\/wp\/v2\/media\/?parent=18054"}],"curies":[{"name":"wp","href":"https:\/\/api.w.org\/{rel}","templated":true}]}}